{"id":917,"date":"2025-12-12T07:22:36","date_gmt":"2025-12-12T07:22:36","guid":{"rendered":"https:\/\/exoticfrenchie.com\/unsere-franzoesischen-bulldoggen\/"},"modified":"2026-01-12T23:11:53","modified_gmt":"2026-01-12T23:11:53","slug":"unsere-franzoesischen-bulldoggen","status":"publish","type":"page","link":"https:\/\/exoticfrenchie.com\/de\/unsere-franzoesischen-bulldoggen\/","title":{"rendered":"Unsere franz\u00f6sischen Bulldoggen"},"content":{"rendered":"\t\t<div data-elementor-type=\"wp-page\" data-elementor-id=\"917\" class=\"elementor elementor-917 elementor-78\" data-elementor-post-type=\"page\">\n\t\t\t\t<div data-particle_enable=\"false\" data-particle-mobile-disabled=\"false\" class=\"elementor-element elementor-element-871549f e-flex e-con-boxed e-con e-parent\" data-id=\"871549f\" data-element_type=\"container\" data-settings=\"{&quot;background_background&quot;:&quot;classic&quot;,&quot;shape_divider_bottom_negative&quot;:&quot;yes&quot;,&quot;shape_divider_bottom&quot;:&quot;curve-asymmetrical&quot;}\">\n\t\t\t\t\t<div class=\"e-con-inner\">\n\t\t\t\t<div class=\"elementor-shape elementor-shape-bottom\" aria-hidden=\"true\" data-negative=\"true\">\n\t\t\t<svg xmlns=\"http:\/\/www.w3.org\/2000\/svg\" viewBox=\"0 0 1000 100\" preserveAspectRatio=\"none\">\n\t<path class=\"elementor-shape-fill\" d=\"M615.2,96.7C240.2,97.8,0,18.9,0,0v100h1000V0C1000,19.2,989.8,96,615.2,96.7z\"\/>\n<\/svg>\t\t<\/div>\n\t\t<div data-particle_enable=\"false\" data-particle-mobile-disabled=\"false\" class=\"elementor-element elementor-element-a5ef5ce e-con-full e-flex e-con e-child\" data-id=\"a5ef5ce\" data-element_type=\"container\">\n\t\t\t\t<div class=\"elementor-element elementor-element-ca6fc8f elementor-align-center elementor-invisible elementor-widget elementor-widget-breadcrumbs\" data-id=\"ca6fc8f\" data-element_type=\"widget\" data-settings=\"{&quot;_animation&quot;:&quot;fadeInUp&quot;,&quot;_animation_mobile&quot;:&quot;fadeInUp&quot;,&quot;_animation_delay&quot;:300}\" data-widget_type=\"breadcrumbs.default\">\n\t\t\t\t<div class=\"elementor-widget-container\">\n\t\t\t\t\t<span><span class=\"last\">Franz\u00f6sische Bulldoggen<\/span><\/span>\t\t\t\t<\/div>\n\t\t\t\t<\/div>\n\t\t\t\t<\/div>\n\t\t<div data-particle_enable=\"false\" data-particle-mobile-disabled=\"false\" class=\"elementor-element elementor-element-37d9dcf e-con-full e-flex e-con e-child\" data-id=\"37d9dcf\" data-element_type=\"container\">\n\t\t\t\t<div class=\"elementor-element elementor-element-d6bd12e elementor-invisible elementor-widget elementor-widget-image\" data-id=\"d6bd12e\" data-element_type=\"widget\" data-settings=\"{&quot;_animation&quot;:&quot;fadeInRight&quot;,&quot;_animation_delay&quot;:300}\" data-widget_type=\"image.default\">\n\t\t\t\t\t\t\t\t\t\t\t\t\t\t\t<img fetchpriority=\"high\" decoding=\"async\" width=\"800\" height=\"567\" src=\"https:\/\/exoticfrenchie.com\/wp-content\/uploads\/2025\/12\/logo-buldozi-min-1024x726.png\" class=\"attachment-large size-large wp-image-816\" alt=\"\" srcset=\"https:\/\/exoticfrenchie.com\/wp-content\/uploads\/2025\/12\/logo-buldozi-min-1024x726.png 1024w, https:\/\/exoticfrenchie.com\/wp-content\/uploads\/2025\/12\/logo-buldozi-min-300x213.png 300w, https:\/\/exoticfrenchie.com\/wp-content\/uploads\/2025\/12\/logo-buldozi-min-768x545.png 768w, https:\/\/exoticfrenchie.com\/wp-content\/uploads\/2025\/12\/logo-buldozi-min.png 1244w\" sizes=\"(max-width: 800px) 100vw, 800px\" \/>\t\t\t\t\t\t\t\t\t\t\t\t\t\t\t<\/div>\n\t\t\t\t<\/div>\n\t\t\t\t\t<\/div>\n\t\t\t\t<\/div>\n\t\t<div data-particle_enable=\"false\" data-particle-mobile-disabled=\"false\" class=\"elementor-element elementor-element-8d4fda9 e-flex e-con-boxed elementor-invisible e-con e-parent\" data-id=\"8d4fda9\" data-element_type=\"container\" data-settings=\"{&quot;animation&quot;:&quot;fadeIn&quot;,&quot;animation_delay&quot;:600}\">\n\t\t\t\t\t<div class=\"e-con-inner\">\n\t\t\t\t<div class=\"elementor-element elementor-element-9dc007b elementor-widget elementor-widget-heading\" data-id=\"9dc007b\" data-element_type=\"widget\" data-widget_type=\"heading.default\">\n\t\t\t\t\t<h2 class=\"elementor-heading-title elementor-size-default\">Ausgewachsene Franz\u00f6sische Bulldoggen<\/h2>\t\t\t\t<\/div>\n\t\t\t\t<div class=\"elementor-element elementor-element-c55009d elementor-widget elementor-widget-text-editor\" data-id=\"c55009d\" data-element_type=\"widget\" data-widget_type=\"text-editor.default\">\n\t\t\t\t\t\t\t\t\t<p>Lernen Sie unsere Franz\u00f6sischen Bulldoggen kennen \u2013 wundersch\u00f6ne, ausgewachsene Hunde, die das Fundament unserer Zuchtst\u00e4tte bilden. Jeder unserer Hunde wird sorgf\u00e4ltig aufgrund seiner au\u00dfergew\u00f6hnlichen Eigenschaften ausgew\u00e4hlt, sei es Gesundheit, Temperament oder ein Aussehen, das dem Rassestandard entspricht. <\/p><p>Viele unserer Tiere stammen aus erstklassigen europ\u00e4ischen Blutlinien und verf\u00fcgen \u00fcber prestigetr\u00e4chtige Stammb\u00e4ume, was ihre Qualit\u00e4t best\u00e4tigt. Unsere Zuchttiere (H\u00fcndinnen und R\u00fcden) repr\u00e4sentieren das Beste der Rasse, und wir sind stolz auf ihre Abstammung und ihre Erfolge. <\/p>\t\t\t\t\t\t\t\t<\/div>\n\t\t\t\t<div class=\"elementor-element elementor-element-443b49a elementor-grid-2 elementor-grid-tablet-2 elementor-grid-mobile-1 elementor-widget elementor-widget-loop-grid\" data-id=\"443b49a\" data-element_type=\"widget\" data-settings=\"{&quot;template_id&quot;:141,&quot;columns&quot;:2,&quot;_skin&quot;:&quot;post&quot;,&quot;columns_tablet&quot;:&quot;2&quot;,&quot;columns_mobile&quot;:&quot;1&quot;,&quot;edit_handle_selector&quot;:&quot;[data-elementor-type=\\&quot;loop-item\\&quot;]&quot;,&quot;row_gap&quot;:{&quot;unit&quot;:&quot;px&quot;,&quot;size&quot;:&quot;&quot;,&quot;sizes&quot;:[]},&quot;row_gap_tablet&quot;:{&quot;unit&quot;:&quot;px&quot;,&quot;size&quot;:&quot;&quot;,&quot;sizes&quot;:[]},&quot;row_gap_mobile&quot;:{&quot;unit&quot;:&quot;px&quot;,&quot;size&quot;:&quot;&quot;,&quot;sizes&quot;:[]}}\" data-widget_type=\"loop-grid.post\">\n\t\t\t\t<div class=\"elementor-widget-container\">\n\t\t\t\t\t\t\t<div class=\"elementor-loop-container elementor-grid\" role=\"list\">\n\t\t<style id=\"loop-141\">.elementor-141 .elementor-element.elementor-element-456d40cc{--display:flex;border-style:dashed;--border-style:dashed;border-width:2px 2px 2px 2px;--border-top-width:2px;--border-right-width:2px;--border-bottom-width:2px;--border-left-width:2px;border-color:var( --e-global-color-primary );--border-color:var( --e-global-color-primary );--border-radius:30px 30px 30px 30px;--margin-top:0px;--margin-bottom:0px;--margin-left:0px;--margin-right:0px;--padding-top:30px;--padding-bottom:30px;--padding-left:20px;--padding-right:20px;}.elementor-141 .elementor-element.elementor-element-456d40cc:not(.elementor-motion-effects-element-type-background), .elementor-141 .elementor-element.elementor-element-456d40cc > .elementor-motion-effects-container > .elementor-motion-effects-layer{background-color:var( --e-global-color-secondary );}.elementor-141 .elementor-element.elementor-element-456d40cc.e-con:hover{--e-con-transform-translateY:-10px;}.elementor-141 .elementor-element.elementor-element-482c282d .ekit_creative_image_hover::before, .elementor-141 .elementor-element.elementor-element-482c282d .ekit_creative_image_hover::after, .elementor-141 .elementor-element.elementor-element-482c282d .ekit_creative_image_hover .ekit_overlay_inner::before, .elementor-141 .elementor-element.elementor-element-482c282d .ekit_creative_image_hover .ekit_overlay_inner::after, .elementor-141 .elementor-element.elementor-element-482c282d .ekit_image_circle::before, .elementor-141 .elementor-element.elementor-element-482c282d .ekit_image_fade::before, .elementor-141 .elementor-element.elementor-element-482c282d .ekit_image_flash::before, .elementor-141 .elementor-element.elementor-element-482c282d .ekit_image_flash::after, .elementor-141 .elementor-element.elementor-element-482c282d .ekit_image_shutter_out::before, .elementor-141 .elementor-element.elementor-element-482c282d .ekit_image_slide::before, .elementor-141 .elementor-element.elementor-element-482c282d .ekit_splash_effect_on_hover::before, .elementor-141 .elementor-element.elementor-element-482c282d .ekit_image_blend_mode::before, .elementor-141 .elementor-element.elementor-element-482c282d .ekit_image_double_splash::after, .elementor-141 .elementor-element.elementor-element-482c282d .ekit_image_zoom_in_overlay::before, .elementor-141 .elementor-element.elementor-element-482c282d .ekit_image_corner_zoom_back:hover, .elementor-141 .elementor-element.elementor-element-482c282d .ekit_image_border_reveal_horizontal:hover, .elementor-141 .elementor-element.elementor-element-482c282d .ekit_image_scale_rotate_left::before, .elementor-141 .elementor-element.elementor-element-482c282d .ekit_image_zoom_in::before, .elementor-141 .elementor-element.elementor-element-482c282d .ekit_image_zoom_in_blur::before, .elementor-141 .elementor-element.elementor-element-482c282d .ekit_image_zoom_out::before, .elementor-141 .elementor-element.elementor-element-482c282d .ekit_image_scroll_effect::before{background-color:var( --e-global-color-primary );}.elementor-141 .elementor-element.elementor-element-482c282d .ekit_image_caption_title, .elementor-141 .elementor-element.elementor-element-482c282d .ekit_image_caption_title_show{font-family:\"Comfortaa\", Sans-serif;font-size:1.2em;font-weight:600;}.elementor-141 .elementor-element.elementor-element-482c282d .ekit_image_caption_title span, .elementor-141 .elementor-element.elementor-element-482c282d .ekit_image_caption_title_show span{font-family:\"Roboto\", Sans-serif;}.elementor-141 .elementor-element.elementor-element-482c282d .ekit_image_caption_title{color:var( --e-global-color-secondary );margin:0px 0px 0px 0px;}.elementor-141 .elementor-element.elementor-element-482c282d .ekit_image_caption_title_show span{color:var( --e-global-color-secondary );border-color:var( --e-global-color-secondary );}.elementor-141 .elementor-element.elementor-element-482c282d .ekit_image_caption_title span{color:var( --e-global-color-secondary );border-color:var( --e-global-color-secondary );}.elementor-141 .elementor-element.elementor-element-482c282d .ekit_image_caption_description, .elementor-141 .elementor-element.elementor-element-482c282d .ekit_image_caption_description_show{font-family:\"Roboto\", Sans-serif;}.elementor-141 .elementor-element.elementor-element-482c282d .ekit_image_caption_description{margin:10px 0px 8px 0px;}.elementor-141 .elementor-element.elementor-element-482c282d .ekit_image_corner_zoom_back::before, .elementor-141 .elementor-element.elementor-element-482c282d .ekit_image_corner_zoom_back::after, .elementor-141 .elementor-element.elementor-element-482c282d .ekit_image_corner_zoom_back .ekit_overlay_inner::before, .elementor-141 .elementor-element.elementor-element-482c282d .ekit_image_corner_zoom_back .ekit_overlay_inner::after{border-color:var( --e-global-color-secondary );}.elementor-141 .elementor-element.elementor-element-482c282d .ekit_image_blend_mode::after{border-color:var( --e-global-color-secondary );border-width:10px;}.elementor-141 .elementor-element.elementor-element-482c282d .ekit_creative_image_hover::before, .elementor-141 .elementor-element.elementor-element-482c282d .ekit_creative_image_hover::after, .elementor-141 .elementor-element.elementor-element-482c282d .ekit_creative_image_hover .ekit_overlay_inner::before, .elementor-141 .elementor-element.elementor-element-482c282d .ekit_creative_image_hover .ekit_overlay_inner::after{background-color:var( --e-global-color-secondary );}.elementor-141 .elementor-element.elementor-element-482c282d .ekit_image_corner_zoom_back::before{border-width:0px 10px 10px 0px;}.elementor-141 .elementor-element.elementor-element-482c282d .ekit_image_corner_zoom_back::after{border-width:0px 0px 10px 10px;}.elementor-141 .elementor-element.elementor-element-482c282d .ekit_image_corner_zoom_back .ekit_overlay_inner::before{border-width:10px 10px 0px 0px;}.elementor-141 .elementor-element.elementor-element-482c282d .ekit_image_corner_zoom_back .ekit_overlay_inner::after{border-width:10px 0px 0px 10px;}.elementor-141 .elementor-element.elementor-element-482c282d .ekit_image_border_reveal_horizontal::before, .elementor-141 .elementor-element.elementor-element-482c282d .ekit_image_border_reveal_horizontal::after{height:10px;}.elementor-141 .elementor-element.elementor-element-482c282d .ekit_image_border_reveal_horizontal .ekit_overlay_inner::before, .elementor-141 .elementor-element.elementor-element-482c282d .ekit_image_border_reveal_horizontal .ekit_overlay_inner::after{width:10px;}.elementor-141 .elementor-element.elementor-element-482c282d .ekit-wid-con .ekit_image_hover > img{opacity:1;}.elementor-141 .elementor-element.elementor-element-482c282d .ekit-wid-con .ekit_image_hover:hover > img{opacity:0.2;}.elementor-141 .elementor-element.elementor-element-112b3bfe{background-color:var( --e-global-color-eac6d53 );padding:10px 10px 10px 10px;border-style:dashed;border-width:2px 2px 2px 2px;border-radius:10px 10px 10px 10px;text-align:center;}.elementor-141 .elementor-element.elementor-element-112b3bfe .elementor-heading-title{font-family:\"Comfortaa\", Sans-serif;text-decoration:none;color:var( --e-global-color-text );}<\/style>\t\t<div data-elementor-type=\"loop-item\" data-elementor-id=\"141\" class=\"elementor elementor-141 e-loop-item e-loop-item-1074 post-1074 francuski-buldog type-francuski-buldog status-publish has-post-thumbnail hentry kategorija-psa-unsere-franzosischen-bulldoggen\" data-elementor-post-type=\"elementor_library\" data-custom-edit-handle=\"1\">\n\t\t\t<div data-particle_enable=\"false\" data-particle-mobile-disabled=\"false\" class=\"elementor-element elementor-element-456d40cc e-con-full animated-slow e-transform e-flex elementor-invisible e-con e-parent\" data-id=\"456d40cc\" data-element_type=\"container\" data-settings=\"{&quot;background_background&quot;:&quot;classic&quot;,&quot;animation&quot;:&quot;fadeIn&quot;,&quot;_transform_translateY_effect_hover&quot;:{&quot;unit&quot;:&quot;px&quot;,&quot;size&quot;:-10,&quot;sizes&quot;:[]},&quot;_transform_translateX_effect_hover&quot;:{&quot;unit&quot;:&quot;px&quot;,&quot;size&quot;:&quot;&quot;,&quot;sizes&quot;:[]},&quot;_transform_translateX_effect_hover_tablet&quot;:{&quot;unit&quot;:&quot;px&quot;,&quot;size&quot;:&quot;&quot;,&quot;sizes&quot;:[]},&quot;_transform_translateX_effect_hover_mobile&quot;:{&quot;unit&quot;:&quot;px&quot;,&quot;size&quot;:&quot;&quot;,&quot;sizes&quot;:[]},&quot;_transform_translateY_effect_hover_tablet&quot;:{&quot;unit&quot;:&quot;px&quot;,&quot;size&quot;:&quot;&quot;,&quot;sizes&quot;:[]},&quot;_transform_translateY_effect_hover_mobile&quot;:{&quot;unit&quot;:&quot;px&quot;,&quot;size&quot;:&quot;&quot;,&quot;sizes&quot;:[]}}\">\n\t\t\t\t<div class=\"elementor-element elementor-element-482c282d elementor-widget elementor-widget-elementskit-image-hover-effect\" data-id=\"482c282d\" data-element_type=\"widget\" data-widget_type=\"elementskit-image-hover-effect.default\">\n\t\t\t\t<div class=\"elementor-widget-container\">\n\t\t\t\t\t<div class=\"ekit-wid-con\" >\t\t\t<div class=\"ekit_image_hover\">\n\t\t\t\t<div class=\"ekit_creative_image_hover ekit_image_corner_zoom_back\">\n\t\t\t\t\t<div class=\"ekit_overlay_inner\"><\/div>\n\t\t\t\t\t<a class=\"ekit-wrapper-link\" href=\"https:\/\/exoticfrenchie.com\/de\/francuski-buldog\/zenka-francuskog-buldoga\/\"><\/a>\t\t\t\t\t<div class=\"ekit_image_caption ekit_text_none  elementor-animation-grow\" >\n\t\t\t\t\t\t<h2 class=\"ekit_image_caption_title ekit_hover_show  \" data-settings=\"{&quot;_animation&quot;:&quot;&quot;}\">\n\t\t\t\t\t\t\t\u017denka francuskog buldoga\t\t\t\t\t\t<\/h2>\n\t\t\t\t\t\t<p class=\"ekit_image_caption_description   \" data-settings=\"{&quot;_animation&quot;:&quot;&quot;}\">\n\t\t\t\t\t\t\t\t\t\t\t\t\t<\/p>\n\t\t\t\t\t\t\t\t\n\t\t\t\t\t<\/div>\t\t\t\n\t\t\t\t<\/div>\n\t\t\t\t<img decoding=\"async\" src=\"https:\/\/exoticfrenchie.com\/wp-content\/uploads\/elementor\/thumbs\/DSC_3744-1-rhkkvpfrswzkk52v1sguv1sz20j88gfrbkeypko31s.jpg\" title=\"DSC_3744 (1)\" alt=\"DSC_3744 (1)\" loading=\"lazy\" \/>\t\t\t<\/div>\n\t\t<\/div>\t\t\t\t<\/div>\n\t\t\t\t<\/div>\n\t\t\t\t<div class=\"elementor-element elementor-element-112b3bfe elementor-widget elementor-widget-theme-post-title elementor-page-title elementor-widget-heading\" data-id=\"112b3bfe\" data-element_type=\"widget\" data-widget_type=\"theme-post-title.default\">\n\t\t\t\t\t<h4 class=\"elementor-heading-title elementor-size-default\"><a href=\"https:\/\/exoticfrenchie.com\/de\/francuski-buldog\/zenka-francuskog-buldoga\/\">\u017denka francuskog buldoga<\/a><\/h4>\t\t\t\t<\/div>\n\t\t\t\t<div class=\"elementor-element elementor-element-6dc1de64 elementor-widget elementor-widget-text-editor\" data-id=\"6dc1de64\" data-element_type=\"widget\" data-widget_type=\"text-editor.default\">\n\t\t\t\t\t\t\t\t\t<ul>\n<li>datum ro\u0111enja: 20.oktobar 2023.<\/li>\n<li>pol: \u017eenka<\/li>\n<li>boja: black and brindle.<\/li>\n<\/ul>\n\t\t\t\t\t\t\t\t<\/div>\n\t\t\t\t<\/div>\n\t\t\t\t<\/div>\n\t\t\t\t<\/div>\n\t\t\n\t\t\t\t\t\t<\/div>\n\t\t\t\t<\/div>\n\t\t\t\t<div class=\"elementor-element elementor-element-cfd1ae0 elementor-widget elementor-widget-text-editor\" data-id=\"cfd1ae0\" data-element_type=\"widget\" data-widget_type=\"text-editor.default\">\n\t\t\t\t\t\t\t\t\t<p>Uns ist es wichtig, dass unsere Hunde vor allem geliebte Haustiere sind. Alle unsere Franz\u00f6sischen Bulldoggen wachsen in einem liebevollen Zuhause auf, in dem sie viel Zuwendung, Gesellschaft und Spiel erfahren. Sie sind an die Gesellschaft von Menschen und Kindern sowie an den Umgang mit anderen Hunden gew\u00f6hnt. Mit ihrem freundlichen und verspielten Wesen erinnern sie uns jeden Tag daran, warum wir uns in diese Rasse verliebt haben. Ihre Zuneigung und ihr fr\u00f6hliches Wesen machen unsere Familie gl\u00fccklich, und wir sind sicher, dass sie auch jeder neuen Familie ihrer zuk\u00fcnftigen Welpen viel Freude bereiten werden.    <\/p><p>Jeder Hund hat seine eigene Geschichte und seine eigenen Charakterz\u00fcge. Auf dieser Seite stellen wir Ihnen unsere Franz\u00f6sischen Bulldoggen einzeln vor \u2013 mit ihren Spitznamen, ihrer Herkunft, m\u00f6glichen Titeln und ihren Lieblingsbesch\u00e4ftigungen. Wir sind \u00fcberzeugt, dass Sie durch diese Geschichten jeden einzelnen Hund kennenlernen und lieben lernen werden, so wie wir sie lieben. <\/p><p><strong>Willkommen in unserer kleinen Welt der Franz\u00f6sischen Bulldoggen! Lernen Sie die charmanten Mitglieder unserer Zuchtst\u00e4tte kennen!<\/strong><\/p>\t\t\t\t\t\t\t\t<\/div>\n\t\t\t\t\t<\/div>\n\t\t\t\t<\/div>\n\t\t\t\t<\/div>\n\t\t","protected":false},"excerpt":{"rendered":"<p>Fransucki buldozi Ausgewachsene Franz\u00f6sische Bulldoggen Lernen Sie unsere Franz\u00f6sischen Bulldoggen kennen \u2013 wundersch\u00f6ne, ausgewachsene Hunde, die das Fundament unserer Zuchtst\u00e4tte bilden. Jeder unserer Hunde wird sorgf\u00e4ltig aufgrund seiner au\u00dfergew\u00f6hnlichen Eigenschaften ausgew\u00e4hlt, sei es Gesundheit, Temperament oder ein Aussehen, das dem Rassestandard entspricht. Viele unserer Tiere stammen aus erstklassigen europ\u00e4ischen Blutlinien und verf\u00fcgen \u00fcber prestigetr\u00e4chtige Stammb\u00e4ume, [&hellip;]<\/p>\n","protected":false},"author":1,"featured_media":0,"parent":0,"menu_order":0,"comment_status":"closed","ping_status":"closed","template":"","meta":{"footnotes":""},"class_list":["post-917","page","type-page","status-publish","hentry"],"_links":{"self":[{"href":"https:\/\/exoticfrenchie.com\/de\/wp-json\/wp\/v2\/pages\/917","targetHints":{"allow":["GET"]}}],"collection":[{"href":"https:\/\/exoticfrenchie.com\/de\/wp-json\/wp\/v2\/pages"}],"about":[{"href":"https:\/\/exoticfrenchie.com\/de\/wp-json\/wp\/v2\/types\/page"}],"author":[{"embeddable":true,"href":"https:\/\/exoticfrenchie.com\/de\/wp-json\/wp\/v2\/users\/1"}],"replies":[{"embeddable":true,"href":"https:\/\/exoticfrenchie.com\/de\/wp-json\/wp\/v2\/comments?post=917"}],"version-history":[{"count":0,"href":"https:\/\/exoticfrenchie.com\/de\/wp-json\/wp\/v2\/pages\/917\/revisions"}],"wp:attachment":[{"href":"https:\/\/exoticfrenchie.com\/de\/wp-json\/wp\/v2\/media?parent=917"}],"curies":[{"name":"wp","href":"https:\/\/api.w.org\/{rel}","templated":true}]}}